{"id":130,"date":"2025-08-07T17:46:29","date_gmt":"2025-08-07T17:46:29","guid":{"rendered":"http:\/\/hopgiayluutru.com\/?post_type=product&#038;p=130"},"modified":"2026-03-24T05:01:17","modified_gmt":"2026-03-24T05:01:17","slug":"hop-luu-tru-ho-so-mau-ghi","status":"publish","type":"product","link":"https:\/\/hopgiayluutru.com\/index.php\/san-pham\/hop-luu-tru-ho-so-mau-ghi\/","title":{"rendered":"H\u1ed9p l\u01b0u tr\u1eef h\u1ed3 s\u01a1 m\u00e0u ghi"},"content":{"rendered":"<p>H\u1ed9p l\u01b0u tr\u1eef h\u1ed3 s\u01a1 m\u00e0u ghi k\u00edch th\u01b0\u1edbc th\u01b0\u1eddng l\u00e0 \u00a0th\u01b0\u1eddng l\u00e0 11cm x 25,5 cm x 36,5 cm, \u0111\u01b0\u1ee3c s\u1eed d\u1ee5ng \u0111\u1ec3 l\u01b0u tr\u1eef t\u00e0i li\u1ec7u theo ti\u00eau chu\u1ea9n c\u1ee7a\u00a0<span class=\"M5tQyf\">C\u1ee5c V\u0103n th\u01b0 L\u01b0u tr\u1eef Qu\u1ed1c gia<\/span><\/p>\n<p>H\u1ed9p m\u00e0u ghi c\u00f3 l\u1edbp b\u00ean ngo\u00e0i h\u1ed9p l\u00e0 gi\u1ea5y m\u00e0u ghi, gi\u1ea5y c\u1ee9ng carton l\u1ea1nh \u0111\u01b0\u1ee3c l\u00e0m \u0111\u00fang ti\u00eau chu\u1ea9n d\u00e0y 3mm.<\/p>\n<p>Ch\u00fang t\u00f4i chuy\u00ean s\u1ea3n xu\u1ea5t h\u1ed9p gi\u1ea5y l\u01b0u tr\u1eef h\u1ed3 s\u01a1 theo \u0111\u00fang ti\u00eau chu\u1ea9n quy \u0111\u1ecbnh, th\u1eddi gian s\u1ea3n xu\u1ea5t nhanh ch\u00f3ng, c\u00f3 h\u00f3a \u0111\u01a1n \u0111\u1ea7y \u0111\u1ee7 theo y\u00eau c\u1ea7u<\/p>\n<p><img loading=\"lazy\" decoding=\"async\" class=\"alignnone wp-image-131 \" src=\"http:\/\/hopgiayluutru.com\/wp-content\/uploads\/2025\/08\/hop-luu-tru-ho-so-mau-ghi.png\" alt=\"h\u1ed9p l\u01b0u tr\u1eef h\u1ed3 s\u01a1 m\u00e0u ghi\" width=\"802\" height=\"678\" srcset=\"https:\/\/hopgiayluutru.com\/wp-content\/uploads\/2025\/08\/hop-luu-tru-ho-so-mau-ghi.png 960w, https:\/\/hopgiayluutru.com\/wp-content\/uploads\/2025\/08\/hop-luu-tru-ho-so-mau-ghi-300x254.png 300w, https:\/\/hopgiayluutru.com\/wp-content\/uploads\/2025\/08\/hop-luu-tru-ho-so-mau-ghi-768x650.png 768w, https:\/\/hopgiayluutru.com\/wp-content\/uploads\/2025\/08\/hop-luu-tru-ho-so-mau-ghi-600x508.png 600w\" sizes=\"auto, (max-width: 802px) 100vw, 802px\" \/><\/p>\n<p><img loading=\"lazy\" decoding=\"async\" class=\"alignnone wp-image-133 \" src=\"http:\/\/hopgiayluutru.com\/wp-content\/uploads\/2025\/08\/hop-giay-luu-tru-ho-so-mau-ghi.png\" alt=\"h\u1ed9p gi\u1ea5y l\u01b0u tr\u1eef h\u1ed3 s\u01a1 m\u00e0u ghi\" width=\"799\" height=\"609\" srcset=\"https:\/\/hopgiayluutru.com\/wp-content\/uploads\/2025\/08\/hop-giay-luu-tru-ho-so-mau-ghi.png 1000w, https:\/\/hopgiayluutru.com\/wp-content\/uploads\/2025\/08\/hop-giay-luu-tru-ho-so-mau-ghi-300x229.png 300w, https:\/\/hopgiayluutru.com\/wp-content\/uploads\/2025\/08\/hop-giay-luu-tru-ho-so-mau-ghi-768x585.png 768w, https:\/\/hopgiayluutru.com\/wp-content\/uploads\/2025\/08\/hop-giay-luu-tru-ho-so-mau-ghi-600x457.png 600w\" sizes=\"auto, (max-width: 799px) 100vw, 799px\" \/><\/p>\n<p>Qu\u00fd kh\u00e1ch mua h\u00e0ng xin vui l\u00f2ng li\u00ean h\u1ec7 sdt kinh doanh: 0944 884 798. Ch\u00fang t\u00f4i c\u00f3 ch\u00ednh s\u00e1ch t\u1ed1t cho kh\u00e1ch mua h\u00e0ng s\u1ed1 l\u01b0\u1ee3ng l\u1edbn v\u00e0 kh\u00e1ch mua nhi\u1ec1u l\u1ea7n. Mua t\u1ea1i c\u01a1 s\u1edf s\u1ea3n xu\u1ea5t c\u1ee7a ch\u00fang t\u00f4i kh\u00e1ch h\u00e0ng \u0111\u01b0\u1ee3c mua v\u1edbi gi\u00e1 t\u1ed1t nh\u1ea5t tr\u00ean th\u1ecb tr\u01b0\u1eddng<\/p>\n","protected":false},"excerpt":{"rendered":"<p>H\u1ed9p l\u01b0u tr\u1eef h\u1ed3 s\u01a1 m\u00e0u ghi k\u00edch th\u01b0\u1edbc th\u01b0\u1eddng l\u00e0 \u00a0th\u01b0\u1eddng l\u00e0 11cm x 25,5 cm x 36,5 cm, \u0111\u01b0\u1ee3c s\u1eed d\u1ee5ng \u0111\u1ec3 l\u01b0u tr\u1eef t\u00e0i li\u1ec7u theo ti\u00eau chu\u1ea9n c\u1ee7a\u00a0C\u1ee5c V\u0103n th\u01b0 L\u01b0u tr\u1eef Qu\u1ed1c gia H\u1ed9p m\u00e0u ghi c\u00f3 l\u1edbp b\u00ean ngo\u00e0i h\u1ed9p l\u00e0 gi\u1ea5y m\u00e0u ghi, gi\u1ea5y c\u1ee9ng carton l\u1ea1nh \u0111\u01b0\u1ee3c [&hellip;]<\/p>\n","protected":false},"featured_media":131,"comment_status":"open","ping_status":"closed","template":"","meta":[],"product_brand":[],"product_cat":[18],"product_tag":[],"class_list":{"0":"post-130","1":"product","2":"type-product","3":"status-publish","4":"has-post-thumbnail","6":"product_cat-hop-giay-luu-tru-ho-so","8":"first","9":"instock","10":"shipping-taxable","11":"purchasable","12":"product-type-simple"},"yoast_head":"<!-- This site is optimized with the Yoast SEO plugin v25.6 - https:\/\/yoast.com\/wordpress\/plugins\/seo\/ -->\n<title>H\u1ed9p l\u01b0u tr\u1eef h\u1ed3 s\u01a1 m\u00e0u ghi - Chuy\u00ean s\u1ea3n xu\u1ea5t h\u1ed9p l\u01b0u tr\u1eef h\u1ed3 s\u01a1<\/title>\n<meta name=\"robots\" content=\"index, follow, max-snippet:-1, max-image-preview:large, max-video-preview:-1\" \/>\n<link rel=\"canonical\" href=\"https:\/\/hopgiayluutru.com\/index.php\/san-pham\/hop-luu-tru-ho-so-mau-ghi\/\" \/>\n<meta property=\"og:locale\" content=\"vi_VN\" \/>\n<meta property=\"og:type\" content=\"article\" \/>\n<meta property=\"og:title\" content=\"H\u1ed9p l\u01b0u tr\u1eef h\u1ed3 s\u01a1 m\u00e0u ghi - Chuy\u00ean s\u1ea3n xu\u1ea5t h\u1ed9p l\u01b0u tr\u1eef h\u1ed3 s\u01a1\" \/>\n<meta property=\"og:description\" content=\"H\u1ed9p l\u01b0u tr\u1eef h\u1ed3 s\u01a1 m\u00e0u ghi k\u00edch th\u01b0\u1edbc th\u01b0\u1eddng l\u00e0 \u00a0th\u01b0\u1eddng l\u00e0 11cm x 25,5 cm x 36,5 cm, \u0111\u01b0\u1ee3c s\u1eed d\u1ee5ng \u0111\u1ec3 l\u01b0u tr\u1eef t\u00e0i li\u1ec7u theo ti\u00eau chu\u1ea9n c\u1ee7a\u00a0C\u1ee5c V\u0103n th\u01b0 L\u01b0u tr\u1eef Qu\u1ed1c gia H\u1ed9p m\u00e0u ghi c\u00f3 l\u1edbp b\u00ean ngo\u00e0i h\u1ed9p l\u00e0 gi\u1ea5y m\u00e0u ghi, gi\u1ea5y c\u1ee9ng carton l\u1ea1nh \u0111\u01b0\u1ee3c [&hellip;]\" \/>\n<meta property=\"og:url\" content=\"https:\/\/hopgiayluutru.com\/index.php\/san-pham\/hop-luu-tru-ho-so-mau-ghi\/\" \/>\n<meta property=\"og:site_name\" content=\"Chuy\u00ean s\u1ea3n xu\u1ea5t h\u1ed9p l\u01b0u tr\u1eef h\u1ed3 s\u01a1\" \/>\n<meta property=\"article:modified_time\" content=\"2026-03-24T05:01:17+00:00\" \/>\n<meta property=\"og:image\" content=\"https:\/\/hopgiayluutru.com\/wp-content\/uploads\/2025\/08\/hop-luu-tru-ho-so-mau-ghi.png\" \/>\n\t<meta property=\"og:image:width\" content=\"960\" \/>\n\t<meta property=\"og:image:height\" content=\"812\" \/>\n\t<meta property=\"og:image:type\" content=\"image\/png\" \/>\n<meta name=\"twitter:card\" content=\"summary_large_image\" \/>\n<meta name=\"twitter:label1\" content=\"\u01af\u1edbc t\u00ednh th\u1eddi gian \u0111\u1ecdc\" \/>\n\t<meta name=\"twitter:data1\" content=\"1 ph\u00fat\" \/>\n<script type=\"application\/ld+json\" class=\"yoast-schema-graph\">{\"@context\":\"https:\/\/schema.org\",\"@graph\":[{\"@type\":\"WebPage\",\"@id\":\"https:\/\/hopgiayluutru.com\/index.php\/san-pham\/hop-luu-tru-ho-so-mau-ghi\/\",\"url\":\"https:\/\/hopgiayluutru.com\/index.php\/san-pham\/hop-luu-tru-ho-so-mau-ghi\/\",\"name\":\"H\u1ed9p l\u01b0u tr\u1eef h\u1ed3 s\u01a1 m\u00e0u ghi - Chuy\u00ean s\u1ea3n xu\u1ea5t h\u1ed9p l\u01b0u tr\u1eef h\u1ed3 s\u01a1\",\"isPartOf\":{\"@id\":\"https:\/\/hopgiayluutru.com\/#website\"},\"primaryImageOfPage\":{\"@id\":\"https:\/\/hopgiayluutru.com\/index.php\/san-pham\/hop-luu-tru-ho-so-mau-ghi\/#primaryimage\"},\"image\":{\"@id\":\"https:\/\/hopgiayluutru.com\/index.php\/san-pham\/hop-luu-tru-ho-so-mau-ghi\/#primaryimage\"},\"thumbnailUrl\":\"https:\/\/hopgiayluutru.com\/wp-content\/uploads\/2025\/08\/hop-luu-tru-ho-so-mau-ghi.png\",\"datePublished\":\"2025-08-07T17:46:29+00:00\",\"dateModified\":\"2026-03-24T05:01:17+00:00\",\"breadcrumb\":{\"@id\":\"https:\/\/hopgiayluutru.com\/index.php\/san-pham\/hop-luu-tru-ho-so-mau-ghi\/#breadcrumb\"},\"inLanguage\":\"vi\",\"potentialAction\":[{\"@type\":\"ReadAction\",\"target\":[\"https:\/\/hopgiayluutru.com\/index.php\/san-pham\/hop-luu-tru-ho-so-mau-ghi\/\"]}]},{\"@type\":\"ImageObject\",\"inLanguage\":\"vi\",\"@id\":\"https:\/\/hopgiayluutru.com\/index.php\/san-pham\/hop-luu-tru-ho-so-mau-ghi\/#primaryimage\",\"url\":\"https:\/\/hopgiayluutru.com\/wp-content\/uploads\/2025\/08\/hop-luu-tru-ho-so-mau-ghi.png\",\"contentUrl\":\"https:\/\/hopgiayluutru.com\/wp-content\/uploads\/2025\/08\/hop-luu-tru-ho-so-mau-ghi.png\",\"width\":960,\"height\":812,\"caption\":\"h\u1ed9p l\u01b0u tr\u1eef h\u1ed3 s\u01a1 m\u00e0u ghi\"},{\"@type\":\"BreadcrumbList\",\"@id\":\"https:\/\/hopgiayluutru.com\/index.php\/san-pham\/hop-luu-tru-ho-so-mau-ghi\/#breadcrumb\",\"itemListElement\":[{\"@type\":\"ListItem\",\"position\":1,\"name\":\"Trang ch\u1ee7\",\"item\":\"https:\/\/hopgiayluutru.com\/\"},{\"@type\":\"ListItem\",\"position\":2,\"name\":\"C\u1eeda h\u00e0ng\",\"item\":\"https:\/\/hopgiayluutru.com\/index.php\/cua-hang\/\"},{\"@type\":\"ListItem\",\"position\":3,\"name\":\"H\u1ed9p l\u01b0u tr\u1eef h\u1ed3 s\u01a1 m\u00e0u ghi\"}]},{\"@type\":\"WebSite\",\"@id\":\"https:\/\/hopgiayluutru.com\/#website\",\"url\":\"https:\/\/hopgiayluutru.com\/\",\"name\":\"Chuy\u00ean s\u1ea3n xu\u1ea5t h\u1ed9p l\u01b0u tr\u1eef h\u1ed3 s\u01a1\",\"description\":\"R\u1ebb - B\u1ec1n - \u0110\u1eb9p\",\"potentialAction\":[{\"@type\":\"SearchAction\",\"target\":{\"@type\":\"EntryPoint\",\"urlTemplate\":\"https:\/\/hopgiayluutru.com\/?s={search_term_string}\"},\"query-input\":{\"@type\":\"PropertyValueSpecification\",\"valueRequired\":true,\"valueName\":\"search_term_string\"}}],\"inLanguage\":\"vi\"}]}<\/script>\n<!-- \/ Yoast SEO plugin. -->","yoast_head_json":{"title":"H\u1ed9p l\u01b0u tr\u1eef h\u1ed3 s\u01a1 m\u00e0u ghi - Chuy\u00ean s\u1ea3n xu\u1ea5t h\u1ed9p l\u01b0u tr\u1eef h\u1ed3 s\u01a1","robots":{"index":"index","follow":"follow","max-snippet":"max-snippet:-1","max-image-preview":"max-image-preview:large","max-video-preview":"max-video-preview:-1"},"canonical":"https:\/\/hopgiayluutru.com\/index.php\/san-pham\/hop-luu-tru-ho-so-mau-ghi\/","og_locale":"vi_VN","og_type":"article","og_title":"H\u1ed9p l\u01b0u tr\u1eef h\u1ed3 s\u01a1 m\u00e0u ghi - Chuy\u00ean s\u1ea3n xu\u1ea5t h\u1ed9p l\u01b0u tr\u1eef h\u1ed3 s\u01a1","og_description":"H\u1ed9p l\u01b0u tr\u1eef h\u1ed3 s\u01a1 m\u00e0u ghi k\u00edch th\u01b0\u1edbc th\u01b0\u1eddng l\u00e0 \u00a0th\u01b0\u1eddng l\u00e0 11cm x 25,5 cm x 36,5 cm, \u0111\u01b0\u1ee3c s\u1eed d\u1ee5ng \u0111\u1ec3 l\u01b0u tr\u1eef t\u00e0i li\u1ec7u theo ti\u00eau chu\u1ea9n c\u1ee7a\u00a0C\u1ee5c V\u0103n th\u01b0 L\u01b0u tr\u1eef Qu\u1ed1c gia H\u1ed9p m\u00e0u ghi c\u00f3 l\u1edbp b\u00ean ngo\u00e0i h\u1ed9p l\u00e0 gi\u1ea5y m\u00e0u ghi, gi\u1ea5y c\u1ee9ng carton l\u1ea1nh \u0111\u01b0\u1ee3c [&hellip;]","og_url":"https:\/\/hopgiayluutru.com\/index.php\/san-pham\/hop-luu-tru-ho-so-mau-ghi\/","og_site_name":"Chuy\u00ean s\u1ea3n xu\u1ea5t h\u1ed9p l\u01b0u tr\u1eef h\u1ed3 s\u01a1","article_modified_time":"2026-03-24T05:01:17+00:00","og_image":[{"width":960,"height":812,"url":"https:\/\/hopgiayluutru.com\/wp-content\/uploads\/2025\/08\/hop-luu-tru-ho-so-mau-ghi.png","type":"image\/png"}],"twitter_card":"summary_large_image","twitter_misc":{"\u01af\u1edbc t\u00ednh th\u1eddi gian \u0111\u1ecdc":"1 ph\u00fat"},"schema":{"@context":"https:\/\/schema.org","@graph":[{"@type":"WebPage","@id":"https:\/\/hopgiayluutru.com\/index.php\/san-pham\/hop-luu-tru-ho-so-mau-ghi\/","url":"https:\/\/hopgiayluutru.com\/index.php\/san-pham\/hop-luu-tru-ho-so-mau-ghi\/","name":"H\u1ed9p l\u01b0u tr\u1eef h\u1ed3 s\u01a1 m\u00e0u ghi - Chuy\u00ean s\u1ea3n xu\u1ea5t h\u1ed9p l\u01b0u tr\u1eef h\u1ed3 s\u01a1","isPartOf":{"@id":"https:\/\/hopgiayluutru.com\/#website"},"primaryImageOfPage":{"@id":"https:\/\/hopgiayluutru.com\/index.php\/san-pham\/hop-luu-tru-ho-so-mau-ghi\/#primaryimage"},"image":{"@id":"https:\/\/hopgiayluutru.com\/index.php\/san-pham\/hop-luu-tru-ho-so-mau-ghi\/#primaryimage"},"thumbnailUrl":"https:\/\/hopgiayluutru.com\/wp-content\/uploads\/2025\/08\/hop-luu-tru-ho-so-mau-ghi.png","datePublished":"2025-08-07T17:46:29+00:00","dateModified":"2026-03-24T05:01:17+00:00","breadcrumb":{"@id":"https:\/\/hopgiayluutru.com\/index.php\/san-pham\/hop-luu-tru-ho-so-mau-ghi\/#breadcrumb"},"inLanguage":"vi","potentialAction":[{"@type":"ReadAction","target":["https:\/\/hopgiayluutru.com\/index.php\/san-pham\/hop-luu-tru-ho-so-mau-ghi\/"]}]},{"@type":"ImageObject","inLanguage":"vi","@id":"https:\/\/hopgiayluutru.com\/index.php\/san-pham\/hop-luu-tru-ho-so-mau-ghi\/#primaryimage","url":"https:\/\/hopgiayluutru.com\/wp-content\/uploads\/2025\/08\/hop-luu-tru-ho-so-mau-ghi.png","contentUrl":"https:\/\/hopgiayluutru.com\/wp-content\/uploads\/2025\/08\/hop-luu-tru-ho-so-mau-ghi.png","width":960,"height":812,"caption":"h\u1ed9p l\u01b0u tr\u1eef h\u1ed3 s\u01a1 m\u00e0u ghi"},{"@type":"BreadcrumbList","@id":"https:\/\/hopgiayluutru.com\/index.php\/san-pham\/hop-luu-tru-ho-so-mau-ghi\/#breadcrumb","itemListElement":[{"@type":"ListItem","position":1,"name":"Trang ch\u1ee7","item":"https:\/\/hopgiayluutru.com\/"},{"@type":"ListItem","position":2,"name":"C\u1eeda h\u00e0ng","item":"https:\/\/hopgiayluutru.com\/index.php\/cua-hang\/"},{"@type":"ListItem","position":3,"name":"H\u1ed9p l\u01b0u tr\u1eef h\u1ed3 s\u01a1 m\u00e0u ghi"}]},{"@type":"WebSite","@id":"https:\/\/hopgiayluutru.com\/#website","url":"https:\/\/hopgiayluutru.com\/","name":"Chuy\u00ean s\u1ea3n xu\u1ea5t h\u1ed9p l\u01b0u tr\u1eef h\u1ed3 s\u01a1","description":"R\u1ebb - B\u1ec1n - \u0110\u1eb9p","potentialAction":[{"@type":"SearchAction","target":{"@type":"EntryPoint","urlTemplate":"https:\/\/hopgiayluutru.com\/?s={search_term_string}"},"query-input":{"@type":"PropertyValueSpecification","valueRequired":true,"valueName":"search_term_string"}}],"inLanguage":"vi"}]}},"_links":{"self":[{"href":"https:\/\/hopgiayluutru.com\/index.php\/wp-json\/wp\/v2\/product\/130","targetHints":{"allow":["GET"]}}],"collection":[{"href":"https:\/\/hopgiayluutru.com\/index.php\/wp-json\/wp\/v2\/product"}],"about":[{"href":"https:\/\/hopgiayluutru.com\/index.php\/wp-json\/wp\/v2\/types\/product"}],"replies":[{"embeddable":true,"href":"https:\/\/hopgiayluutru.com\/index.php\/wp-json\/wp\/v2\/comments?post=130"}],"wp:featuredmedia":[{"embeddable":true,"href":"https:\/\/hopgiayluutru.com\/index.php\/wp-json\/wp\/v2\/media\/131"}],"wp:attachment":[{"href":"https:\/\/hopgiayluutru.com\/index.php\/wp-json\/wp\/v2\/media?parent=130"}],"wp:term":[{"taxonomy":"product_brand","embeddable":true,"href":"https:\/\/hopgiayluutru.com\/index.php\/wp-json\/wp\/v2\/product_brand?post=130"},{"taxonomy":"product_cat","embeddable":true,"href":"https:\/\/hopgiayluutru.com\/index.php\/wp-json\/wp\/v2\/product_cat?post=130"},{"taxonomy":"product_tag","embeddable":true,"href":"https:\/\/hopgiayluutru.com\/index.php\/wp-json\/wp\/v2\/product_tag?post=130"}],"curies":[{"name":"wp","href":"https:\/\/api.w.org\/{rel}","templated":true}]}}