{"id":46,"date":"2025-08-07T11:30:16","date_gmt":"2025-08-07T11:30:16","guid":{"rendered":"http:\/\/hopgiayluutru.com\/?post_type=product&#038;p=46"},"modified":"2025-08-18T03:47:22","modified_gmt":"2025-08-18T03:47:22","slug":"hop-moc","status":"publish","type":"product","link":"http:\/\/hopgiayluutru.com\/index.php\/san-pham\/hop-moc\/","title":{"rendered":"H\u1ed9p l\u01b0u tr\u1eef h\u1ed3 s\u01a1 m\u1ed9c"},"content":{"rendered":"<p>H\u1ed9p l\u01b0u tr\u1eef h\u1ed3 s\u01a1 m\u1ed9c c\u00f3 k\u00edch th\u01b0\u1edbc th\u01b0\u1eddng l\u00e0 11cm x 25,5 cm x 36,5 cm, \u0111\u01b0\u1ee3c s\u1eed d\u1ee5ng \u0111\u1ec3 l\u01b0u tr\u1eef t\u00e0i li\u1ec7u theo ti\u00eau chu\u1ea9n c\u1ee7a C\u1ee5c V\u0103n th\u01b0 L\u01b0u tr\u1eef Qu\u1ed1c gia<\/p>\n<p>Ngo\u00e0i ra h\u1ed9p c\u00f3 th\u1ec3 \u0111\u1eb7t \u0111\u01b0\u1ee3c theo k\u00edch th\u01b0\u1edbc kh\u00e1c nh\u01b0 h\u1ed9p l\u01b0u tr\u1eef h\u1ed3 s\u01a1 10cm c\u00f3 \u0111\u1ed9 r\u1ed9ng h\u1ed9p l\u00e0 10cm<\/p>\n<p>H\u1ed9p \u0111\u01b0\u1ee3c l\u00e0m b\u1edfi gi\u1ea5y Carton l\u1ea1nh lo\u1ea1i d\u00e0y 3mm, \u0111\u01b0\u1ee3c ph\u1ee7 l\u00ean b\u1edfi l\u1edbp gi\u1ea5y m\u00e0u m\u1ed9c (v\u00e0ng nh\u1ea1t) gi\u1ea5y \u0111\u01b0\u1ee3c s\u1eed l\u00fd ch\u1ed1ng m\u1ed1i m\u1ecdt v\u00e0 ch\u1ed1ng m\u1ed1c. C\u1ea1nh tr\u00ean h\u1ed9p \u0111\u01b0\u1ee3c c\u1eaft khuy\u1ebft b\u00e1n nguy\u1ec7t.<\/p>\n<p>Ph\u1ea7n n\u1eafp s\u1eed d\u1ee5ng d\u00e2y bu\u1ed9c \u0111\u01b0\u1ee3c ghim v\u00e0o b\u00eca n\u1eafp ch\u1eafc ch\u1eafn khi\u1ebfn d\u00e2y kh\u00f4ng b\u1ecb l\u1ecfng, tu\u1ed9t trong qu\u00e1 tr\u00ecnh bu\u1ed9c t\u00e0i li\u1ec7u.<\/p>\n<p><img loading=\"lazy\" decoding=\"async\" class=\"alignnone wp-image-140 size-full\" src=\"http:\/\/hopgiayluutru.com\/wp-content\/uploads\/2025\/08\/hop-luu-tru-dung-ho-so.png\" alt=\"h\u1ed9p l\u01b0u tr\u1eef \u0111\u1ef1ng h\u1ed3 s\u01a1\" width=\"800\" height=\"711\" srcset=\"http:\/\/hopgiayluutru.com\/wp-content\/uploads\/2025\/08\/hop-luu-tru-dung-ho-so.png 800w, http:\/\/hopgiayluutru.com\/wp-content\/uploads\/2025\/08\/hop-luu-tru-dung-ho-so-300x267.png 300w, http:\/\/hopgiayluutru.com\/wp-content\/uploads\/2025\/08\/hop-luu-tru-dung-ho-so-768x683.png 768w, http:\/\/hopgiayluutru.com\/wp-content\/uploads\/2025\/08\/hop-luu-tru-dung-ho-so-600x533.png 600w\" sizes=\"auto, (max-width: 800px) 100vw, 800px\" \/><\/p>\n<p><img loading=\"lazy\" decoding=\"async\" class=\"alignnone wp-image-139 size-full\" src=\"http:\/\/hopgiayluutru.com\/wp-content\/uploads\/2025\/08\/hop-ho-so-luu-tru-giay.png\" alt=\"h\u1ed9p h\u1ed3 s\u01a1 l\u01b0u tr\u1eef gi\u1ea5y\" width=\"800\" height=\"600\" srcset=\"http:\/\/hopgiayluutru.com\/wp-content\/uploads\/2025\/08\/hop-ho-so-luu-tru-giay.png 800w, http:\/\/hopgiayluutru.com\/wp-content\/uploads\/2025\/08\/hop-ho-so-luu-tru-giay-300x225.png 300w, http:\/\/hopgiayluutru.com\/wp-content\/uploads\/2025\/08\/hop-ho-so-luu-tru-giay-768x576.png 768w, http:\/\/hopgiayluutru.com\/wp-content\/uploads\/2025\/08\/hop-ho-so-luu-tru-giay-600x450.png 600w\" sizes=\"auto, (max-width: 800px) 100vw, 800px\" \/><\/p>\n<p><img loading=\"lazy\" decoding=\"async\" class=\"alignnone wp-image-138 size-full\" src=\"http:\/\/hopgiayluutru.com\/wp-content\/uploads\/2025\/08\/hop-dung-ho-so-lu-tru.png\" alt=\"h\u1ed9p \u0111\u1ef1ng h\u1ed3 s\u01a1 l\u01b0u tr\u1eef\" width=\"800\" height=\"792\" srcset=\"http:\/\/hopgiayluutru.com\/wp-content\/uploads\/2025\/08\/hop-dung-ho-so-lu-tru.png 800w, http:\/\/hopgiayluutru.com\/wp-content\/uploads\/2025\/08\/hop-dung-ho-so-lu-tru-300x297.png 300w, http:\/\/hopgiayluutru.com\/wp-content\/uploads\/2025\/08\/hop-dung-ho-so-lu-tru-150x150.png 150w, http:\/\/hopgiayluutru.com\/wp-content\/uploads\/2025\/08\/hop-dung-ho-so-lu-tru-768x760.png 768w, http:\/\/hopgiayluutru.com\/wp-content\/uploads\/2025\/08\/hop-dung-ho-so-lu-tru-600x594.png 600w\" sizes=\"auto, (max-width: 800px) 100vw, 800px\" \/><\/p>\n<p><img loading=\"lazy\" decoding=\"async\" class=\"alignnone wp-image-39\" src=\"http:\/\/hopgiayluutru.com\/wp-content\/uploads\/2025\/08\/images.jpg\" alt=\"\" width=\"799\" height=\"596\" \/><\/p>\n<p><img loading=\"lazy\" decoding=\"async\" class=\"alignnone wp-image-141 size-full\" src=\"http:\/\/hopgiayluutru.com\/wp-content\/uploads\/2025\/08\/hop-luu-tru-tai-lieu.png\" alt=\"h\u1ed9p l\u01b0u tr\u1eef t\u00e0i li\u1ec7u\" width=\"800\" height=\"814\" srcset=\"http:\/\/hopgiayluutru.com\/wp-content\/uploads\/2025\/08\/hop-luu-tru-tai-lieu.png 800w, http:\/\/hopgiayluutru.com\/wp-content\/uploads\/2025\/08\/hop-luu-tru-tai-lieu-295x300.png 295w, http:\/\/hopgiayluutru.com\/wp-content\/uploads\/2025\/08\/hop-luu-tru-tai-lieu-768x781.png 768w, http:\/\/hopgiayluutru.com\/wp-content\/uploads\/2025\/08\/hop-luu-tru-tai-lieu-600x611.png 600w\" sizes=\"auto, (max-width: 800px) 100vw, 800px\" \/><\/p>\n<p>&nbsp;<\/p>\n<p><img loading=\"lazy\" decoding=\"async\" class=\"alignnone wp-image-129 \" src=\"http:\/\/hopgiayluutru.com\/wp-content\/uploads\/2025\/08\/hop-giay-luu-tru-ho-so-moc-gia-re.png\" alt=\"h\u1ed9p l\u01b0u tr\u1eef h\u1ed3 s\u01a1 m\u1ed9c gi\u00e1 r\u1ebb\" width=\"850\" height=\"708\" srcset=\"http:\/\/hopgiayluutru.com\/wp-content\/uploads\/2025\/08\/hop-giay-luu-tru-ho-so-moc-gia-re.png 1097w, http:\/\/hopgiayluutru.com\/wp-content\/uploads\/2025\/08\/hop-giay-luu-tru-ho-so-moc-gia-re-300x250.png 300w, http:\/\/hopgiayluutru.com\/wp-content\/uploads\/2025\/08\/hop-giay-luu-tru-ho-so-moc-gia-re-1024x853.png 1024w, http:\/\/hopgiayluutru.com\/wp-content\/uploads\/2025\/08\/hop-giay-luu-tru-ho-so-moc-gia-re-768x640.png 768w, http:\/\/hopgiayluutru.com\/wp-content\/uploads\/2025\/08\/hop-giay-luu-tru-ho-so-moc-gia-re-600x500.png 600w\" sizes=\"auto, (max-width: 850px) 100vw, 850px\" \/><\/p>\n<p>Qu\u00fd kh\u00e1ch mua h\u00e0ng xin vui l\u00f2ng li\u00ean h\u1ec7 sdt kinh doanh: 0944 884 798. Ch\u00fang t\u00f4i c\u00f3 ch\u00ednh s\u00e1ch t\u1ed1t cho kh\u00e1ch mua h\u00e0ng s\u1ed1 l\u01b0\u1ee3ng l\u1edbn v\u00e0 kh\u00e1ch mua nhi\u1ec1u l\u1ea7n. Mua t\u1ea1i c\u01a1 s\u1edf s\u1ea3n xu\u1ea5t c\u1ee7a ch\u00fang t\u00f4i kh\u00e1ch h\u00e0ng \u0111\u01b0\u1ee3c mua v\u1edbi gi\u00e1 t\u1ed1t nh\u1ea5t tr\u00ean th\u1ecb tr\u01b0\u1eddng<\/p>\n","protected":false},"excerpt":{"rendered":"<p style=\"text-align: left;\">Th\u00f4ng tin s\u1ea3n ph\u1ea9m:<\/p>\n<p style=\"text-align: left;\">T\u00ean: H\u1ed9p l\u01b0u tr\u1eef h\u1ed3 s\u01a1 m\u1ed9c<\/p>\n<p style=\"text-align: left;\">Kh\u00edch th\u01b0\u1edbc: 36,5 x 26,5 x 11cm ( ho\u1eb7c 12cm &#8211; 13.5cm)<\/p>\n<p style=\"text-align: left;\">Ch\u1ea5t li\u1ec7u: Gi\u1ea5y carton l\u1ea1nh, v\u1ea3i g\u00e1y xanh, d\u00e2y d\u00f9, ghim kim lo\u1ea1i ch\u1ed1ng han<\/p>\n<p style=\"text-align: left;\">S\u1ea3n ph\u1ea9m \u0111\u00e3 \u0111\u01b0\u1ee3c x\u1eed l\u00fd ch\u1ed1ng m\u1ed1i m\u1ecdt, ch\u1ed1ng n\u1ea5m m\u1ed1c<\/p>\n","protected":false},"featured_media":39,"comment_status":"open","ping_status":"closed","template":"","meta":[],"product_brand":[],"product_cat":[18],"product_tag":[],"class_list":{"0":"post-46","1":"product","2":"type-product","3":"status-publish","4":"has-post-thumbnail","6":"product_cat-hop-giay-luu-tru-ho-so","8":"first","9":"instock","10":"shipping-taxable","11":"purchasable","12":"product-type-simple"},"yoast_head":"<!-- This site is optimized with the Yoast SEO plugin v25.6 - https:\/\/yoast.com\/wordpress\/plugins\/seo\/ -->\n<title>H\u1ed9p l\u01b0u tr\u1eef h\u1ed3 s\u01a1 m\u1ed9c - Chuy\u00ean s\u1ea3n xu\u1ea5t h\u1ed9p l\u01b0u tr\u1eef h\u1ed3 s\u01a1<\/title>\n<meta name=\"description\" content=\"H\u1ed9p l\u01b0u tr\u1eef h\u1ed3 s\u01a1 m\u1ed9c l\u00e0 lo\u1ea1i ph\u1ed5 th\u00f4ng hay d\u00f9ng trong ng\u00e0nh l\u01b0u tr\u1eef \u0111\u01b0\u1ee3c c\u00e1c \u0111\u01a1n v\u1ecb ch\u1ec9nh l\u00fd t\u00e0i li\u1ec7u hay s\u1eed d\u1ee5ng, ch\u00fang t\u00f4i chuy\u00ean s\u1ea3n xu\u1ea5t h\u1ed9p l\u01b0u tr\u1eef\" \/>\n<meta name=\"robots\" content=\"index, follow, max-snippet:-1, max-image-preview:large, max-video-preview:-1\" \/>\n<link rel=\"canonical\" href=\"http:\/\/hopgiayluutru.com\/index.php\/san-pham\/hop-moc\/\" \/>\n<meta property=\"og:locale\" content=\"vi_VN\" \/>\n<meta property=\"og:type\" content=\"article\" \/>\n<meta property=\"og:title\" content=\"H\u1ed9p l\u01b0u tr\u1eef h\u1ed3 s\u01a1 m\u1ed9c - Chuy\u00ean s\u1ea3n xu\u1ea5t h\u1ed9p l\u01b0u tr\u1eef h\u1ed3 s\u01a1\" \/>\n<meta property=\"og:description\" content=\"H\u1ed9p l\u01b0u tr\u1eef h\u1ed3 s\u01a1 m\u1ed9c l\u00e0 lo\u1ea1i ph\u1ed5 th\u00f4ng hay d\u00f9ng trong ng\u00e0nh l\u01b0u tr\u1eef \u0111\u01b0\u1ee3c c\u00e1c \u0111\u01a1n v\u1ecb ch\u1ec9nh l\u00fd t\u00e0i li\u1ec7u hay s\u1eed d\u1ee5ng, ch\u00fang t\u00f4i chuy\u00ean s\u1ea3n xu\u1ea5t h\u1ed9p l\u01b0u tr\u1eef\" \/>\n<meta property=\"og:url\" content=\"http:\/\/hopgiayluutru.com\/index.php\/san-pham\/hop-moc\/\" \/>\n<meta property=\"og:site_name\" content=\"Chuy\u00ean s\u1ea3n xu\u1ea5t h\u1ed9p l\u01b0u tr\u1eef h\u1ed3 s\u01a1\" \/>\n<meta property=\"article:modified_time\" content=\"2025-08-18T03:47:22+00:00\" \/>\n<meta property=\"og:image\" content=\"http:\/\/hopgiayluutru.com\/wp-content\/uploads\/2025\/08\/images.jpg\" \/>\n\t<meta property=\"og:image:width\" content=\"260\" \/>\n\t<meta property=\"og:image:height\" content=\"194\" \/>\n\t<meta property=\"og:image:type\" content=\"image\/jpeg\" \/>\n<meta name=\"twitter:card\" content=\"summary_large_image\" \/>\n<meta name=\"twitter:label1\" content=\"\u01af\u1edbc t\u00ednh th\u1eddi gian \u0111\u1ecdc\" \/>\n\t<meta name=\"twitter:data1\" content=\"3 ph\u00fat\" \/>\n<script type=\"application\/ld+json\" class=\"yoast-schema-graph\">{\"@context\":\"https:\/\/schema.org\",\"@graph\":[{\"@type\":\"WebPage\",\"@id\":\"http:\/\/hopgiayluutru.com\/index.php\/san-pham\/hop-moc\/\",\"url\":\"http:\/\/hopgiayluutru.com\/index.php\/san-pham\/hop-moc\/\",\"name\":\"H\u1ed9p l\u01b0u tr\u1eef h\u1ed3 s\u01a1 m\u1ed9c - Chuy\u00ean s\u1ea3n xu\u1ea5t h\u1ed9p l\u01b0u tr\u1eef h\u1ed3 s\u01a1\",\"isPartOf\":{\"@id\":\"https:\/\/hopgiayluutru.com\/#website\"},\"primaryImageOfPage\":{\"@id\":\"http:\/\/hopgiayluutru.com\/index.php\/san-pham\/hop-moc\/#primaryimage\"},\"image\":{\"@id\":\"http:\/\/hopgiayluutru.com\/index.php\/san-pham\/hop-moc\/#primaryimage\"},\"thumbnailUrl\":\"http:\/\/hopgiayluutru.com\/wp-content\/uploads\/2025\/08\/images.jpg\",\"datePublished\":\"2025-08-07T11:30:16+00:00\",\"dateModified\":\"2025-08-18T03:47:22+00:00\",\"description\":\"H\u1ed9p l\u01b0u tr\u1eef h\u1ed3 s\u01a1 m\u1ed9c l\u00e0 lo\u1ea1i ph\u1ed5 th\u00f4ng hay d\u00f9ng trong ng\u00e0nh l\u01b0u tr\u1eef \u0111\u01b0\u1ee3c c\u00e1c \u0111\u01a1n v\u1ecb ch\u1ec9nh l\u00fd t\u00e0i li\u1ec7u hay s\u1eed d\u1ee5ng, ch\u00fang t\u00f4i chuy\u00ean s\u1ea3n xu\u1ea5t h\u1ed9p l\u01b0u tr\u1eef\",\"breadcrumb\":{\"@id\":\"http:\/\/hopgiayluutru.com\/index.php\/san-pham\/hop-moc\/#breadcrumb\"},\"inLanguage\":\"vi\",\"potentialAction\":[{\"@type\":\"ReadAction\",\"target\":[\"http:\/\/hopgiayluutru.com\/index.php\/san-pham\/hop-moc\/\"]}]},{\"@type\":\"ImageObject\",\"inLanguage\":\"vi\",\"@id\":\"http:\/\/hopgiayluutru.com\/index.php\/san-pham\/hop-moc\/#primaryimage\",\"url\":\"http:\/\/hopgiayluutru.com\/wp-content\/uploads\/2025\/08\/images.jpg\",\"contentUrl\":\"http:\/\/hopgiayluutru.com\/wp-content\/uploads\/2025\/08\/images.jpg\",\"width\":260,\"height\":194},{\"@type\":\"BreadcrumbList\",\"@id\":\"http:\/\/hopgiayluutru.com\/index.php\/san-pham\/hop-moc\/#breadcrumb\",\"itemListElement\":[{\"@type\":\"ListItem\",\"position\":1,\"name\":\"Trang ch\u1ee7\",\"item\":\"http:\/\/hopgiayluutru.com\/\"},{\"@type\":\"ListItem\",\"position\":2,\"name\":\"C\u1eeda h\u00e0ng\",\"item\":\"http:\/\/hopgiayluutru.com\/index.php\/cua-hang\/\"},{\"@type\":\"ListItem\",\"position\":3,\"name\":\"H\u1ed9p l\u01b0u tr\u1eef h\u1ed3 s\u01a1 m\u1ed9c\"}]},{\"@type\":\"WebSite\",\"@id\":\"https:\/\/hopgiayluutru.com\/#website\",\"url\":\"https:\/\/hopgiayluutru.com\/\",\"name\":\"Chuy\u00ean s\u1ea3n xu\u1ea5t h\u1ed9p l\u01b0u tr\u1eef h\u1ed3 s\u01a1\",\"description\":\"R\u1ebb - B\u1ec1n - \u0110\u1eb9p\",\"potentialAction\":[{\"@type\":\"SearchAction\",\"target\":{\"@type\":\"EntryPoint\",\"urlTemplate\":\"https:\/\/hopgiayluutru.com\/?s={search_term_string}\"},\"query-input\":{\"@type\":\"PropertyValueSpecification\",\"valueRequired\":true,\"valueName\":\"search_term_string\"}}],\"inLanguage\":\"vi\"}]}<\/script>\n<!-- \/ Yoast SEO plugin. -->","yoast_head_json":{"title":"H\u1ed9p l\u01b0u tr\u1eef h\u1ed3 s\u01a1 m\u1ed9c - Chuy\u00ean s\u1ea3n xu\u1ea5t h\u1ed9p l\u01b0u tr\u1eef h\u1ed3 s\u01a1","description":"H\u1ed9p l\u01b0u tr\u1eef h\u1ed3 s\u01a1 m\u1ed9c l\u00e0 lo\u1ea1i ph\u1ed5 th\u00f4ng hay d\u00f9ng trong ng\u00e0nh l\u01b0u tr\u1eef \u0111\u01b0\u1ee3c c\u00e1c \u0111\u01a1n v\u1ecb ch\u1ec9nh l\u00fd t\u00e0i li\u1ec7u hay s\u1eed d\u1ee5ng, ch\u00fang t\u00f4i chuy\u00ean s\u1ea3n xu\u1ea5t h\u1ed9p l\u01b0u tr\u1eef","robots":{"index":"index","follow":"follow","max-snippet":"max-snippet:-1","max-image-preview":"max-image-preview:large","max-video-preview":"max-video-preview:-1"},"canonical":"http:\/\/hopgiayluutru.com\/index.php\/san-pham\/hop-moc\/","og_locale":"vi_VN","og_type":"article","og_title":"H\u1ed9p l\u01b0u tr\u1eef h\u1ed3 s\u01a1 m\u1ed9c - Chuy\u00ean s\u1ea3n xu\u1ea5t h\u1ed9p l\u01b0u tr\u1eef h\u1ed3 s\u01a1","og_description":"H\u1ed9p l\u01b0u tr\u1eef h\u1ed3 s\u01a1 m\u1ed9c l\u00e0 lo\u1ea1i ph\u1ed5 th\u00f4ng hay d\u00f9ng trong ng\u00e0nh l\u01b0u tr\u1eef \u0111\u01b0\u1ee3c c\u00e1c \u0111\u01a1n v\u1ecb ch\u1ec9nh l\u00fd t\u00e0i li\u1ec7u hay s\u1eed d\u1ee5ng, ch\u00fang t\u00f4i chuy\u00ean s\u1ea3n xu\u1ea5t h\u1ed9p l\u01b0u tr\u1eef","og_url":"http:\/\/hopgiayluutru.com\/index.php\/san-pham\/hop-moc\/","og_site_name":"Chuy\u00ean s\u1ea3n xu\u1ea5t h\u1ed9p l\u01b0u tr\u1eef h\u1ed3 s\u01a1","article_modified_time":"2025-08-18T03:47:22+00:00","og_image":[{"width":260,"height":194,"url":"http:\/\/hopgiayluutru.com\/wp-content\/uploads\/2025\/08\/images.jpg","type":"image\/jpeg"}],"twitter_card":"summary_large_image","twitter_misc":{"\u01af\u1edbc t\u00ednh th\u1eddi gian \u0111\u1ecdc":"3 ph\u00fat"},"schema":{"@context":"https:\/\/schema.org","@graph":[{"@type":"WebPage","@id":"http:\/\/hopgiayluutru.com\/index.php\/san-pham\/hop-moc\/","url":"http:\/\/hopgiayluutru.com\/index.php\/san-pham\/hop-moc\/","name":"H\u1ed9p l\u01b0u tr\u1eef h\u1ed3 s\u01a1 m\u1ed9c - Chuy\u00ean s\u1ea3n xu\u1ea5t h\u1ed9p l\u01b0u tr\u1eef h\u1ed3 s\u01a1","isPartOf":{"@id":"https:\/\/hopgiayluutru.com\/#website"},"primaryImageOfPage":{"@id":"http:\/\/hopgiayluutru.com\/index.php\/san-pham\/hop-moc\/#primaryimage"},"image":{"@id":"http:\/\/hopgiayluutru.com\/index.php\/san-pham\/hop-moc\/#primaryimage"},"thumbnailUrl":"http:\/\/hopgiayluutru.com\/wp-content\/uploads\/2025\/08\/images.jpg","datePublished":"2025-08-07T11:30:16+00:00","dateModified":"2025-08-18T03:47:22+00:00","description":"H\u1ed9p l\u01b0u tr\u1eef h\u1ed3 s\u01a1 m\u1ed9c l\u00e0 lo\u1ea1i ph\u1ed5 th\u00f4ng hay d\u00f9ng trong ng\u00e0nh l\u01b0u tr\u1eef \u0111\u01b0\u1ee3c c\u00e1c \u0111\u01a1n v\u1ecb ch\u1ec9nh l\u00fd t\u00e0i li\u1ec7u hay s\u1eed d\u1ee5ng, ch\u00fang t\u00f4i chuy\u00ean s\u1ea3n xu\u1ea5t h\u1ed9p l\u01b0u tr\u1eef","breadcrumb":{"@id":"http:\/\/hopgiayluutru.com\/index.php\/san-pham\/hop-moc\/#breadcrumb"},"inLanguage":"vi","potentialAction":[{"@type":"ReadAction","target":["http:\/\/hopgiayluutru.com\/index.php\/san-pham\/hop-moc\/"]}]},{"@type":"ImageObject","inLanguage":"vi","@id":"http:\/\/hopgiayluutru.com\/index.php\/san-pham\/hop-moc\/#primaryimage","url":"http:\/\/hopgiayluutru.com\/wp-content\/uploads\/2025\/08\/images.jpg","contentUrl":"http:\/\/hopgiayluutru.com\/wp-content\/uploads\/2025\/08\/images.jpg","width":260,"height":194},{"@type":"BreadcrumbList","@id":"http:\/\/hopgiayluutru.com\/index.php\/san-pham\/hop-moc\/#breadcrumb","itemListElement":[{"@type":"ListItem","position":1,"name":"Trang ch\u1ee7","item":"http:\/\/hopgiayluutru.com\/"},{"@type":"ListItem","position":2,"name":"C\u1eeda h\u00e0ng","item":"http:\/\/hopgiayluutru.com\/index.php\/cua-hang\/"},{"@type":"ListItem","position":3,"name":"H\u1ed9p l\u01b0u tr\u1eef h\u1ed3 s\u01a1 m\u1ed9c"}]},{"@type":"WebSite","@id":"https:\/\/hopgiayluutru.com\/#website","url":"https:\/\/hopgiayluutru.com\/","name":"Chuy\u00ean s\u1ea3n xu\u1ea5t h\u1ed9p l\u01b0u tr\u1eef h\u1ed3 s\u01a1","description":"R\u1ebb - B\u1ec1n - \u0110\u1eb9p","potentialAction":[{"@type":"SearchAction","target":{"@type":"EntryPoint","urlTemplate":"https:\/\/hopgiayluutru.com\/?s={search_term_string}"},"query-input":{"@type":"PropertyValueSpecification","valueRequired":true,"valueName":"search_term_string"}}],"inLanguage":"vi"}]}},"_links":{"self":[{"href":"http:\/\/hopgiayluutru.com\/index.php\/wp-json\/wp\/v2\/product\/46","targetHints":{"allow":["GET"]}}],"collection":[{"href":"http:\/\/hopgiayluutru.com\/index.php\/wp-json\/wp\/v2\/product"}],"about":[{"href":"http:\/\/hopgiayluutru.com\/index.php\/wp-json\/wp\/v2\/types\/product"}],"replies":[{"embeddable":true,"href":"http:\/\/hopgiayluutru.com\/index.php\/wp-json\/wp\/v2\/comments?post=46"}],"wp:featuredmedia":[{"embeddable":true,"href":"http:\/\/hopgiayluutru.com\/index.php\/wp-json\/wp\/v2\/media\/39"}],"wp:attachment":[{"href":"http:\/\/hopgiayluutru.com\/index.php\/wp-json\/wp\/v2\/media?parent=46"}],"wp:term":[{"taxonomy":"product_brand","embeddable":true,"href":"http:\/\/hopgiayluutru.com\/index.php\/wp-json\/wp\/v2\/product_brand?post=46"},{"taxonomy":"product_cat","embeddable":true,"href":"http:\/\/hopgiayluutru.com\/index.php\/wp-json\/wp\/v2\/product_cat?post=46"},{"taxonomy":"product_tag","embeddable":true,"href":"http:\/\/hopgiayluutru.com\/index.php\/wp-json\/wp\/v2\/product_tag?post=46"}],"curies":[{"name":"wp","href":"https:\/\/api.w.org\/{rel}","templated":true}]}}